{"id":11838,"date":"2019-01-28T14:38:38","date_gmt":"2019-01-28T13:38:38","guid":{"rendered":"http:\/\/test.zurichopenair.ch\/?page_id=11838"},"modified":"2022-02-28T15:41:23","modified_gmt":"2022-02-28T14:41:23","slug":"privacy-policy","status":"publish","type":"page","link":"https:\/\/zoacity.ch\/en\/privacy-policy\/","title":{"rendered":"Privacy Policy"},"content":{"rendered":"<h1>Datenschutzerkl\u00e4rung und Verwendung von Cookies<\/h1>\n<p>Der Schutz der Privatsph\u00e4re unserer Besucher ist uns wichtig. Wir erheben und verarbeiten\u00a0personenbezogenen Daten sorgf\u00e4ltig und nur in dem Umfang, wie es im Rahmen der\u00a0gesetzlichen Bestimmungen zul\u00e4ssig ist.<\/p>\n<p>Im Folgenden legen wir dar, welche Grunds\u00e4tze wir befolgen und zu welchem Zweck wir\u00a0personenbezogene Daten \u00fcber diese Website und andere von uns betriebene Websites und\u00a0Anwendungen erheben und verarbeiten.<\/p>\n<p>Bei Deiner Anmeldung und Nutzung unserer Dienste erheben wir bestimmte personenbezogene Daten, damit wir unsere Leistungen zielgerichtet auf Dich erbringen\u00a0k\u00f6nnen. Im Rahmen der Kommunikation und der Datenermittlung werden von uns bzw. von\u00a0Drittunternehmen, die die entsprechenden Services erbringen, folgende Daten gespeichert:<\/p>\n<p>\u2013 E-Mail-Adresse<br \/>\n\u2013 Name, Vorname<br \/>\n\u2013 Adresse<br \/>\n\u2013 Geschlecht<br \/>\n\u2013 Geburtsdatum<br \/>\n\u2013 Telefonnummer<\/p>\n<p>Zweck dieser Datenerhebungen ist es, mit Dir zu kommunizieren, das Risiko von Betrug zu\u00a0minimieren und unsere Leistungen vertragsgem\u00e4ss und zielgerichtet erbringen und verbessern zu k\u00f6nnen. Dies beinhaltet auch die Nutzung der Daten zu Marketingzwecken, also auf Dich massgeschneiderte Werbung zu schalten, die Nutzung zu Forschungszwecken, also beispielsweise, um neue Produkte und Dienstleistungen zu entwickeln, aber auch zur\u00a0Teilnahme an Wettbewerben.<\/p>\n<p>Im Rahmen des Inkrafttretens der neuen Europ\u00e4ischen Datenschutz-Grundverordnung\u00a0(DSGVO) am 25. Mai 2018 gelten Vorschriften, welche unter Umst\u00e4nden auch auf\u00a0Unternehmen mit Sitz in der Schweiz anwendbar sind. Wir halten uns an diese\u00a0Bestimmungen, welche insbesondere vorsehen, dass die Privatpersonen mehr Kontrolle \u00fcber ihre Personendaten haben. Daraus resultieren verst\u00e4rkte Pflichten f\u00fcr die Unternehmen, den Datenschutz zu respektieren. Die wichtigsten dieser Rechte werden nachfolgend aufgef\u00fchrt. Weitere Details k\u00f6nnen der gesetzlichen Grundlage entnommen werden, welche \u00fcber folgenden Link zug\u00e4nglich ist: http:\/\/eurlex.europa.eu\/eli\/reg\/2016\/679\/oj:<\/p>\n<p>&nbsp;<\/p>\n<h2>RECHT AUF INFORMATION (ART. 13 UND 14 DSGVO)<\/h2>\n<p>Sofern personenbezogene Daten erhoben werden, so ist den betroffenen Personen eine Reihe von Informationen zur Datenerhebung zu \u00fcbermitteln, so insbesondere die Mitteilung, welche Daten und zu welchem Zweck diese erhoben werden. Auskunftsrecht (Art. 15 DSGVO). Die von der Datenbearbeitung betroffene Person ist gem\u00e4ss DSGVO berechtigt, eine Best\u00e4tigung zu verlangen, dass personenbezogene Daten von ihr bearbeitet werden, oder dass das eben nicht der Fall ist. Sofern Daten bearbeitet werden, so legt die DSGVO verschiedene Rechte fest (so z. B. die Berechtigung, eine Kopie der Daten zu erhalten).<\/p>\n<p>&nbsp;<\/p>\n<h2>RECHT AUF BERICHTIGUNG (ART. 16 DSGVO)<\/h2>\n<p>Die betroffene Person hat das Recht, von dem Verantwortlichen unverz\u00fcglich die\u00a0Berichtigung sie betreffender unrichtiger personenbezogener Daten zu verlangen. Unter\u00a0Ber\u00fccksichtigung der Zwecke der Verarbeitung hat die betroffene Person das Recht, die\u00a0Vervollst\u00e4ndigung unvollst\u00e4ndiger personenbezogener Daten, auch mittels einer erg\u00e4nzenden Erkl\u00e4rung, zu verlangen.<\/p>\n<p>&nbsp;<\/p>\n<h2>RECHT AUF L\u00d6SCHUNG (\u201eRECHT AUF VERGESSENWERDEN\u201c) (ART. 17 DSGVO)<\/h2>\n<p>Die betroffene Person hat das Recht zu verlangen, dass sie betreffende personenbezogene\u00a0Daten unverz\u00fcglich gel\u00f6scht werden, und die personenbezogenen Daten sind unverz\u00fcglich zu l\u00f6schen, sofern einer der in der DSGVO aufgelisteten Gr\u00fcnde zutrifft, so beispielsweise, dass\u00a0die Daten f\u00fcr den Zweck, zu dem sie erhoben wurden, nicht mehr notwendig sind.<\/p>\n<p>&nbsp;<\/p>\n<h2>RECHT AUF EINSCHR\u00c4NKUNG DER BEARBEITUNG (ART. 18 DSGVO)<\/h2>\n<p>Die betroffene Person hat in bestimmten von der DSGVO F\u00e4llen das Recht, die\u00a0Einschr\u00e4nkung der Bearbeitung der Daten zu verlangen. Falls eine solche Einschr\u00e4nkung\u00a0verlangt wird, so d\u00fcrfen die Daten nur noch aufbewahrt, aber nicht mehr weiter bearbeitet\u00a0werden.<\/p>\n<p>&nbsp;<\/p>\n<h2>RECHT AUF MITTEILUNG (ART. 19 DSGVO)<\/h2>\n<p>Gem\u00e4ss DSGVO ist allen Empf\u00e4ngern, denen personenbezogenen Daten offengelegt wurden,\u00a0jede Berichtigung oder L\u00f6schung der personenbezogenen Daten oder eine Einschr\u00e4nkung der Verarbeitung mitzuteilen, es sei denn, dies erweist sich als unm\u00f6glich oder ist mit einem\u00a0unverh\u00e4ltnism\u00e4ssigen Aufwand verbunden.<\/p>\n<p>&nbsp;<\/p>\n<h2>RECHT AUF DATEN\u00dcBERTRAGBARKEIT (ART. 20 DSGVO)<\/h2>\n<p>Die betroffene Person hat das Recht, die Daten, die sie bereitgestellt hat, in einem\u00a0strukturierten, g\u00e4ngigen und maschinenlesbaren Format zu erhalten, und sie hat das Recht,\u00a0diese Daten einem anderen Datenverantwortlichen zu \u00fcbermitteln, beispielsweise um den\u00a0Dienstleistungsanbieter zu wechseln. Dieses Recht kann jedoch nur ausge\u00fcbt werden, wenn\u00a0die Datenbearbeitung auf der Einwilligung der betroffenen Person oder auf einem Vertrag\u00a0beruht.<\/p>\n<p>&nbsp;<\/p>\n<h2>WIDERSPRUCHSRECHT (ART. 21 DSGVO)<\/h2>\n<p>Die betroffene Person hat im Weiteren das Recht, aus Gr\u00fcnden, die sich aus ihrer besonderen Situation ergeben, jederzeit gegen gewisse Verarbeitung sie betreffender personenbezogener Daten Widerspruch einzulegen; dies gilt auch f\u00fcr ein auf diese Bestimmungen gest\u00fctztes Profiling. In der Folge d\u00fcrfen die Daten nicht mehr bearbeitet werden, es sei denn, es k\u00f6nnen vom Datenverarbeiter zwingende schutzw\u00fcrdige Gr\u00fcnde f\u00fcr die Verarbeitung nachgewiesen werden, die die Interessen, Rechte und Freiheiten der betroffenen Person \u00fcberwiegen, oder die Verarbeitung dient der Geltendmachung, Aus\u00fcbung oder Verteidigung von Rechtsanspr\u00fcchen. Werden personenbezogene Daten verarbeitet, um Direktwerbung zu betreiben, so hat die\u00a0betroffene Person das Recht, jederzeit Widerspruch gegen die Verarbeitung sie betreffender\u00a0personenbezogener Daten zum Zwecke derartiger Werbung einzulegen; dies gilt auch f\u00fcr das Profiling, soweit es mit solcher Direktwerbung in Verbindung steht.<\/p>\n<p>&nbsp;<\/p>\n<h2>RECHT AUF VERZICHT AUF EINE AUTOMATISIERTE ENTSCHEIDUNG IM EINZELFALL (ART. 22 DSGVO)<\/h2>\n<p>Zudem hat die betroffene Person das Recht, nicht einer ausschliesslich auf einer\u00a0automatisierten Verarbeitung, einschliesslich Profiling, beruhenden Entscheidung unterworfen zu werden, die ihr gegen\u00fcber rechtliche Wirkung entfaltet oder sie in \u00e4hnlicher Weise erheblich beeintr\u00e4chtigt.<\/p>\n<p>&nbsp;<\/p>\n<h2>RECHT AUF BENACHRICHTIGUNG \u00dcBER DATENSCHUTZVERLETZUNGEN (ART. 34 DSGVO)<\/h2>\n<p>Sollte es zu Verletzungen der Bestimmungen \u00fcber den Schutz personenbezogener Daten\u00a0kommen, so wird die von der Verletzung betroffene Person informiert, sofern damit ein hohes\u00a0Risiko f\u00fcr die pers\u00f6nlichen Rechte und Freiheiten verbunden ist.<\/p>\n<h2>BESONDERER SCHUTZ F\u00dcR KINDER<\/h2>\n<p>Schliesslich sieht die DSGVO auch einen besonderen Schutz f\u00fcr Kinder vor. So bestimmt\u00a0Artikel 8 DSGVO, dass im Fall von Diensten der Informationsgesellschaft, die einem Kind\u00a0direkt angeboten werden, die Zustimmung zur Bearbeitung der Daten des Kindes vom Tr\u00e4ger\u00a0der elterlichen Verantwortung erteilt oder genehmigt werden muss, wobei die betreffende\u00a0Altersgrenze in den verschiedenen L\u00e4ndern im Anwendungsbereich der DSGVO\u00a0unterschiedlich definiert werden kann.<\/p>\n<h2>TECHNISCHE MASSNAHMEN ZUR DATENSICHERHEIT<\/h2>\n<p>Wir sch\u00fctzen personenbezogenen Daten durch geeignete technische und organisatorische\u00a0Sicherheitsmassnahmen und speichern sie auf sicheren Servern. Die Website ist gegen\u00a0Manipulation durch \u00fcbliche Massnahmen nach dem Stand der Technik und gegen Zugriff,\u00a0Ver\u00e4nderung oder Verbreitung durch Unbefugte gesichert. Dazu geh\u00f6rt, dass wir die Aspekte des Datenschutzes bereits in der Planungsphase unserer Dienstleistungen ber\u00fccksichtigen (\u00abprivacy by design\u00bb), und unsere neuen Produkte bzw. Dienstleistungen werden mit datenschutzfreundlichen Voreinstellungen angeboten (\u00abprivacy by default\u00bb).<\/p>\n<p>Im Weiteren werden die entsprechenden Bearbeitungshandlungen von den Verantwortlichen in unserem Unternehmen festgehalten.<\/p>\n<p>&nbsp;<\/p>\n<h2>WIE ERHEBEN WIR DATEN?<\/h2>\n<p>Auf Wunsch halten wir Dich \u00fcber relevante Entwicklungen und Angebote mittels Newsletter\u00a0auf dem Laufenden. Wenn Du keine Newsletter mehr von uns erhalten m\u00f6chtest, so kannst\u00a0Du Dich jederzeit kostenlos im Newsletter selbst abmelden.<\/p>\n<p>Wir verarbeiten Deine Daten im Zusammenhang mit dem Newsletter, um Dir Neuigkeiten\u00a0\u00fcber unser Angebot zukommen zu lassen. Dar\u00fcber hinaus verarbeiten und nutzen wir die von Dir angegebene E-Mail-Adresse, um Dir personalisierte Angebote im Zusammenhang mit\u00a0dem Newsletter zuzusenden.<\/p>\n<p>Wenn Du \u00fcber einen Link im Newsletter auf unsere Webseiten geleitet wirst, erteilst Du uns\u00a0auch die Erlaubnis, Deine IP-Adresse zusammen mit Geodaten, Web Beacons oder \u00e4hnlichen\u00a0Technologien zu verarbeiten und zu nutzen, um zu \u00fcberpr\u00fcfen, ob die Dir im Rahmen dieser\u00a0Kommunikation unterbreiteten Angebote Deinen Anforderungen entsprechen.<\/p>\n<p>Der Veranstalter kann die Daten des Besuchers aus dem Ticket-Verkauf speichern, verarbeiten und f\u00fcr eigene Kommunikationszwecke verwenden. Es erfolgt keine Weitergabe der Daten an Dritte. Der Besucher erkl\u00e4rt sich hiermit einverstanden.<\/p>\n<p>F\u00fcr den Versand des Newsletters arbeiten wir mit externen Dienstleistern zusammen.<\/p>\n<h2>SOFTWARE VON DRITTEN<\/h2>\n<p>Auf unserer Website ist Software von Drittunternehmen integriert. Dies insbesondere mit dem Zweck, die Interessen der Besucher besser zu verstehen und gezielt Werbung zu betreiben.\u00a0Wir verwenden diese Informationen also, um massgeschneiderte Marketing-Kommunikation\u00a0zu betreiben. Der Erhalt dieser Nachrichten kann jederzeit widerrufen werden.<\/p>\n<p>Nachfolgend erg\u00e4nzende Informationen zu den entsprechenden Applikationen, samt\u00a0Verweisen auf die Datenschutzrichtlinien der entsprechenden Unternehmen, wobei diese\u00a0Unternehmen gesetzlich ebenfalls verpflichtet sind, die Bestimmungen der DSGVO zu\u00a0respektieren:<\/p>\n<h2>GOOGLE ANALYTICS<\/h2>\n<p>Die Website arbeitet mit Google Analytics, einen Webanalysedienst der Google Inc.\u00a0(\u201eGoogle\u201c), 1600 Amphitheatre Parkway, Mountain View, CA 94043, USA. Google Analytics\u00a0verwendet Cookies, d. h. auf dem Computer gespeicherte Textdateien, zur Analyse der\u00a0Websitenutzung durch den Benutzer. Die Cookie-Informationen \u00fcber diese Websitenutzung\u00a0(einschliesslich der zugeh\u00f6rigen IP-Adresse) werden an Google Server, die sich ausserhalb\u00a0der Schweiz befinden k\u00f6nnen, insbsondere auch in den USA, weitergeleitet und dort\u00a0gespeichert. Google nutzt diese Informationen zur Auswertung der Website, zur Erstellung\u00a0von Berichten \u00fcber die Websiteaktivit\u00e4ten f\u00fcr die Websitebetreiber und zur Erbringung\u00a0weiterer Dienstleistungen im Bereich Website und Internetnutzung. Google kann diese Daten an Dritte weiterleiten, sofern dies gesetzlich vorgeschrieben ist oder die Daten im Auftrag von Google durch Dritte verarbeitet werden. Die Installation der Cookies kann durch eine entsprechende Browser-Einstellung verhindert werden, in diesem Fall k\u00f6nnen jedoch\u00a0gegebenenfalls gewisse Website-Funktionen nicht vollumf\u00e4nglich genutzt werden. Durch die\u00a0Nutzung der Website erkl\u00e4rt sich der Benutzer mit der vorhergehend beschriebenen\u00a0Datenverarbeitung durch Google zu den erw\u00e4hnten Zwecken einverstanden.<\/p>\n<h2>MAILCHIMP<\/h2>\n<p>Wir nutzen zur Bearbeitung unserer elektronischen Mailings die Dienste von MailChimp,\u00a0welche von The Rocket Science Group, LLC, 675 Ponce de Leon Ave NE, Atlanta, GA 30308\u00a0USA, angeboten werden. MailChimp bietet uns insbesondere die M\u00f6glichkeit, die\u00a0Nutzerdaten statistisch auszuwerten. MailChimp ist ein langj\u00e4hriger, etablierter Service, der\u00a0sich, gest\u00fctzt auf die uns vorliegenden Informationen, an die einschl\u00e4gigen nationalen und\u00a0internationalen Datenschutzrichtlinien h\u00e4lt. Diese Nutzung von MailChimp ist also\u00a0datenschutzrechtlich zul\u00e4ssig, bringt es aber mit sich, dass die personenbezogenen Daten in\u00a0die USA transferiert werden. Weitere Erl\u00e4uterungen zum Datenschutz bei MAILCHIMP\u00a0finden sich auf der Website des Anbieters https:\/\/mailchimp.com\/legal\/privacy\/.<\/p>\n<h2>AMAZON WEB SERVICES<\/h2>\n<p>Im Weiteren nehmen wir f\u00fcr das Hosting unserer Cloud-Datenbank und die Vornahme entsprechender Analysen die Dienstleistungen von Amazon Web Services, Inc., 410 Terry Avenue North, Seattle WA 98109, USA, in Anspruch. Amazon Web Services ist einer der weltweit f\u00fchrenden Anbieter von Cloud-Services, dessen Leistungen von unz\u00e4hligen renommierten Unternehmen weltweit in Anspruch genommen werden. Weitere Informationen sind der Webseite von Amazon Web Services zu entnehmen, die \u00fcber folgenden Link zug\u00e4nglich ist: <a href=\"https:\/\/aws.amazon.com\/\" target=\"_blank\" rel=\"noopener\">https:\/\/aws.amazon.com<\/a>.<\/p>\n<h2>INTERCOM<\/h2>\n<p>F\u00fcr die Kommunikation mit Kunden respektive Besuchern auf unserer Webseite nutzen wir die Dienstleistungen des Unternehmens Intercom, 55 2nd Street, San Francisco, CA 94105, USA. Die Datenschutzerkl\u00e4rung des Unternehmens Intercom ist unter folgendem Link zug\u00e4nglich: <a title=\"https:\/\/www.intercom.com\/de\/terms-and-policies\" href=\"https:\/\/www.intercom.com\/de\/terms-and-policies\" target=\"_blank\" rel=\"noopener\">https:\/\/www.intercom.com\/de\/terms-and-policies<\/a>.<\/p>\n<h2>WEITERE ANGABEN<\/h2>\n<p>Auf dieser Website werden im Weiteren Plugins des sozialen Netzwerks facebook.com\u00a0verwendet, das von der Facebook Inc., 1601 S. California Ave, Palo Alto, CA 94304, USA\u00a0betrieben wird (\u201eFacebook\u201c). Wenn Du mit einem solchen Plugin versehene Internetseiten\u00a0unsere Website aufrufst, wird eine Verbindung zu den Facebook-Servern hergestellt.\u00a0Hierdurch wird an den Facebook-Server \u00fcbermittelt, welche unserer Internetseiten Du im Einzelnen besucht hast. Bist Du dabei als Mitglied bei Facebook eingeloggt, ordnet Facebook\u00a0diese Information Deinem pers\u00f6nlichen Facebook-Benutzerkonto zu. Bei der Nutzung der\u00a0Plugin-Funktionen (z.B. Anklicken des \u201eGef\u00e4llt mir\u201c \u2013 Buttons, Abgabe eines Kommentars)\u00a0werden auch diese Informationen Deinem Facebook-Konto zugeordnet, was Du durch Ausloggen vor Nutzung des Plugins verhindern kannst. N\u00e4here Informationen zur Erhebung\u00a0und Nutzung der Daten durch Facebook, \u00fcber Deine diesbez\u00fcglichen Rechte und\u00a0M\u00f6glichkeiten zum Schutz Deiner Privatsph\u00e4re findest Du in den Datenschutzhinweisen von\u00a0Facebook.<\/p>\n<p>Wir haben hat keinen Einfluss auf den Inhalt von externen Websites, die mittels Links auf\u00a0unserer Website zug\u00e4nglich sind. Wir \u00fcbernehmen somit keine Gew\u00e4hr f\u00fcr Inhalte dieser\u00a0externen Websites. F\u00fcr die Inhalte der verlinkten Seiten ist stets der jeweilige Anbieter oder\u00a0Betreiber der Seiten verantwortlich. Die verlinkten Seiten wurden zum Zeitpunkt der\u00a0Verlinkung auf m\u00f6gliche Rechtsverst\u00f6sse \u00fcberpr\u00fcft. Rechtswidrige Inhalte waren zum\u00a0Zeitpunkt der Verlinkung nicht erkennbar. Eine permanente inhaltliche Kontrolle der\u00a0verlinkten Seiten ist jedoch ohne konkrete Anhaltspunkte einer Rechtsverletzung nicht\u00a0zumutbar. Bei Bekanntwerden von Rechtsverletzungen entfernen wir derartige Links.<\/p>\n<p>Z\u00fcrich, 28. Februar 2022<\/p>\n","protected":false},"excerpt":{"rendered":"<p>Datenschutzerkl\u00e4rung und Verwendung von Cookies Der Schutz der Privatsph\u00e4re unserer Besucher ist uns wichtig. Wir erheben und verarbeiten\u00a0personenbezogenen Daten sorgf\u00e4ltig und nur in dem Umfang, wie es im Rahmen der\u00a0gesetzlichen Bestimmungen zul\u00e4ssig ist. Im Folgenden legen wir dar, welche Grunds\u00e4tze wir befolgen und zu welchem Zweck wir\u00a0personenbezogene Daten \u00fcber diese Website und andere von uns [&hellip;]<\/p>\n","protected":false},"author":15,"featured_media":0,"parent":0,"menu_order":0,"comment_status":"closed","ping_status":"closed","template":"","meta":{"_acf_changed":false,"footnotes":""},"class_list":["post-11838","page","type-page","status-publish","hentry"],"acf":[],"_links":{"self":[{"href":"https:\/\/zoacity.ch\/en\/wp-json\/wp\/v2\/pages\/11838","targetHints":{"allow":["GET"]}}],"collection":[{"href":"https:\/\/zoacity.ch\/en\/wp-json\/wp\/v2\/pages"}],"about":[{"href":"https:\/\/zoacity.ch\/en\/wp-json\/wp\/v2\/types\/page"}],"author":[{"embeddable":true,"href":"https:\/\/zoacity.ch\/en\/wp-json\/wp\/v2\/users\/15"}],"replies":[{"embeddable":true,"href":"https:\/\/zoacity.ch\/en\/wp-json\/wp\/v2\/comments?post=11838"}],"version-history":[{"count":0,"href":"https:\/\/zoacity.ch\/en\/wp-json\/wp\/v2\/pages\/11838\/revisions"}],"wp:attachment":[{"href":"https:\/\/zoacity.ch\/en\/wp-json\/wp\/v2\/media?parent=11838"}],"curies":[{"name":"wp","href":"https:\/\/api.w.org\/{rel}","templated":true}]}}